{"id":2942,"date":"2022-02-06T10:29:42","date_gmt":"2022-02-06T10:29:42","guid":{"rendered":"https:\/\/canalhof.com\/appartamenti\/"},"modified":"2022-12-06T12:58:18","modified_gmt":"2022-12-06T12:58:18","slug":"appartamenti","status":"publish","type":"page","link":"https:\/\/canalhof.com\/it\/appartamenti\/","title":{"rendered":"Appartamenti"},"content":{"rendered":"<p>[et_pb_section fb_built=&#8221;1&#8243; admin_label=&#8221;Unterk\u00fcnfte&#8221; _builder_version=&#8221;4.16&#8243; background_enable_color=&#8221;off&#8221; custom_padding=&#8221;0px|0px|100px|0px|false|false&#8221; global_colors_info=&#8221;{}&#8221;][et_pb_row _builder_version=&#8221;4.16&#8243; _module_preset=&#8221;default&#8221; custom_margin=&#8221;25px||0px||false|false&#8221; custom_padding=&#8221;0px||0px||false|false&#8221; global_colors_info=&#8221;{}&#8221;][et_pb_column type=&#8221;4_4&#8243; _builder_version=&#8221;4.16&#8243; _module_preset=&#8221;default&#8221; global_colors_info=&#8221;{}&#8221;][et_pb_text module_class=&#8221;ch-title ch-first-section&#8221; _builder_version=&#8221;4.16&#8243; _module_preset=&#8221;97f715d7-a116-470d-b928-4645b11b8148&#8243; text_text_color=&#8221;#998b6b&#8221; text_font_size=&#8221;35px&#8221; inline_fonts=&#8221;Raleway&#8221; global_colors_info=&#8221;{}&#8221;]<\/p>\n<p>I nostri appartamenti<\/p>\n<p>[\/et_pb_text][et_pb_text module_class=&#8221;ch-subtitle&#8221; _builder_version=&#8221;4.16&#8243; _module_preset=&#8221;default&#8221; text_font=&#8221;Raleway|600|||||||&#8221; text_text_color=&#8221;#665b52&#8243; text_font_size=&#8221;20px&#8221; global_colors_info=&#8221;{}&#8221;]<\/p>\n<p style=\"text-align: center;\">Apartments &#8211; Tra comfort, tradizione e accoglienza<\/p>\n<p>[\/et_pb_text][et_pb_divider color=&#8221;#cca652&#8243; divider_weight=&#8221;4px&#8221; module_class=&#8221;ch-divider&#8221; _builder_version=&#8221;4.16&#8243; _module_preset=&#8221;default&#8221; width=&#8221;15%&#8221; module_alignment=&#8221;center&#8221; global_colors_info=&#8221;{}&#8221;][\/et_pb_divider][\/et_pb_column][\/et_pb_row][et_pb_row _builder_version=&#8221;4.16&#8243; background_size=&#8221;initial&#8221; background_position=&#8221;top_left&#8221; background_repeat=&#8221;repeat&#8221; max_width=&#8221;1980px&#8221; custom_padding=&#8221;27px|0px|27px|0px&#8221; custom_width_px=&#8221;1774px&#8221; global_colors_info=&#8221;{}&#8221;][et_pb_column type=&#8221;4_4&#8243; _builder_version=&#8221;4.16&#8243; custom_padding=&#8221;|||&#8221; global_colors_info=&#8221;{}&#8221; custom_padding__hover=&#8221;|||&#8221;][et_pb_text _builder_version=&#8221;4.16&#8243; text_font=&#8221;Raleway||||||||&#8221; text_text_color=&#8221;#939393&#8243; text_font_size=&#8221;17px&#8221; text_line_height=&#8221;1.8em&#8221; header_font=&#8221;||||&#8221; background_size=&#8221;initial&#8221; background_position=&#8221;top_left&#8221; background_repeat=&#8221;repeat&#8221; text_orientation=&#8221;center&#8221; max_width=&#8221;700px&#8221; module_alignment=&#8221;center&#8221; animation_style=&#8221;slide&#8221; animation_direction=&#8221;top&#8221; animation_intensity_slide=&#8221;4%&#8221; global_colors_info=&#8221;{}&#8221;]<\/p>\n<p>I nostri appartamenti sono stati arredati con molta attenzione ai dettagli e con stile utilizzando solo legno della nostra foresta, perch\u00e9 la sostenibilit\u00e0 per noi \u00e8 molto importante per noi! Ogni appartamento ha un balcone dove si possono ammirare le Dolomiti nelle serate calde. <\/p>\n<p>Le stanze inondate di luce offrono spazio per socializzare con la famiglia e gli amici. Due dei nostri appartamenti sono dotati di una stufa a legna. Lo senti gi\u00e0 scoppiettare?<\/p>\n<p>[\/et_pb_text][\/et_pb_column][\/et_pb_row][\/et_pb_section][et_pb_section fb_built=&#8221;1&#8243; admin_label=&#8221;Wohnung Kreuzkofel&#8221; _builder_version=&#8221;4.19.2&#8243; _module_preset=&#8221;default&#8221; background_color=&#8221;#4d4239&#8243; hover_enabled=&#8221;0&#8243; locked=&#8221;off&#8221; global_colors_info=&#8221;{}&#8221; sticky_enabled=&#8221;0&#8243;][et_pb_row _builder_version=&#8221;4.19.2&#8243; _module_preset=&#8221;default&#8221; max_width=&#8221;1980px&#8221; global_colors_info=&#8221;{}&#8221;][et_pb_column type=&#8221;4_4&#8243; _builder_version=&#8221;4.19.2&#8243; _module_preset=&#8221;default&#8221; global_colors_info=&#8221;{}&#8221;][et_pb_code _builder_version=&#8221;4.19.2&#8243; _module_preset=&#8221;default&#8221; global_colors_info=&#8221;{}&#8221;]<script src=\"https:\/\/s.mts-online.com\/u1067\/api.js\"><\/script><!-- [et_pb_line_break_holder] --><\/p>\n<div data-smts-user=\"u1067\"<!-- [et_pb_line_break_holder] -->data-smts-language=&#8221;it&#8221;<!-- [et_pb_line_break_holder] -->data-smts-view=&#8221;roomslist&#8221;<!-- [et_pb_line_break_holder] -->data-smts-responsive-fontsize=&#8221;320\/14-1000\/16&#8243;<!-- [et_pb_line_break_holder] -->data-smts-responsive-step=&#8221;,992&#8243;<!-- [et_pb_line_break_holder] -->data-smts-target-booking=&#8221;\/online-buchen#!\/skd-ds\/skd-room\/{CODE}&#8221;<!-- [et_pb_line_break_holder] -->data-smts-target-request=&#8221;\/anfrage\/?smts-room={CODE}&#8221;<!-- [et_pb_line_break_holder] -->><\/div>\n<p>[\/et_pb_code][\/et_pb_column][\/et_pb_row][\/et_pb_section]<\/p>\n","protected":false},"excerpt":{"rendered":"<p>I nostri appartamentiApartments &#8211; Tra comfort, tradizione e accoglienzaI nostri appartamenti sono stati arredati con molta attenzione ai dettagli e con stile utilizzando solo legno della nostra foresta, perch\u00e9 la sostenibilit\u00e0 per noi \u00e8 molto importante per noi! Ogni appartamento ha un balcone dove si possono ammirare le Dolomiti nelle serate calde. Le stanze inondate [&hellip;]<\/p>\n","protected":false},"author":1,"featured_media":0,"parent":0,"menu_order":0,"comment_status":"closed","ping_status":"closed","template":"","meta":{"_et_pb_use_builder":"on","_et_pb_old_content":"","_et_gb_content_width":"","inline_featured_image":false,"footnotes":""},"class_list":["post-2942","page","type-page","status-publish","hentry"],"_links":{"self":[{"href":"https:\/\/canalhof.com\/it\/wp-json\/wp\/v2\/pages\/2942","targetHints":{"allow":["GET"]}}],"collection":[{"href":"https:\/\/canalhof.com\/it\/wp-json\/wp\/v2\/pages"}],"about":[{"href":"https:\/\/canalhof.com\/it\/wp-json\/wp\/v2\/types\/page"}],"author":[{"embeddable":true,"href":"https:\/\/canalhof.com\/it\/wp-json\/wp\/v2\/users\/1"}],"replies":[{"embeddable":true,"href":"https:\/\/canalhof.com\/it\/wp-json\/wp\/v2\/comments?post=2942"}],"version-history":[{"count":40,"href":"https:\/\/canalhof.com\/it\/wp-json\/wp\/v2\/pages\/2942\/revisions"}],"predecessor-version":[{"id":3832,"href":"https:\/\/canalhof.com\/it\/wp-json\/wp\/v2\/pages\/2942\/revisions\/3832"}],"wp:attachment":[{"href":"https:\/\/canalhof.com\/it\/wp-json\/wp\/v2\/media?parent=2942"}],"curies":[{"name":"wp","href":"https:\/\/api.w.org\/{rel}","templated":true}]}}