{"id":2928,"date":"2022-11-24T14:19:51","date_gmt":"2022-11-24T14:19:51","guid":{"rendered":"https:\/\/canalhof.com\/?page_id=2928"},"modified":"2023-04-06T13:37:59","modified_gmt":"2023-04-06T13:37:59","slug":"impressum","status":"publish","type":"page","link":"https:\/\/canalhof.com\/it\/impressum\/","title":{"rendered":"Impressum"},"content":{"rendered":"<p>[et_pb_section fb_built=&#8221;1&#8243; admin_label=&#8221;Impressum Header&#8221; module_class=&#8221;ch-header-link-main&#8221; _builder_version=&#8221;4.16&#8243; _module_preset=&#8221;default&#8221; custom_padding=&#8221;0px||0px||false|false&#8221; locked=&#8221;off&#8221; collapsed=&#8221;off&#8221; global_colors_info=&#8221;{}&#8221;][et_pb_row _builder_version=&#8221;4.16&#8243; _module_preset=&#8221;default&#8221; max_width=&#8221;1140px&#8221; custom_padding=&#8221;0px||0px||false|false&#8221; global_colors_info=&#8221;{}&#8221;][et_pb_column type=&#8221;4_4&#8243; _builder_version=&#8221;4.16&#8243; _module_preset=&#8221;default&#8221; custom_padding=&#8221;||||false|false&#8221; global_colors_info=&#8221;{}&#8221;][et_pb_image src=&#8221;https:\/\/canalhof.com\/wp-content\/uploads\/2022\/01\/panorama_peitlerkofel.jpeg&#8221; alt=&#8221;panorama_putia&#8221; title_text=&#8221;panorama_putia&#8221; _builder_version=&#8221;4.20.4&#8243; _module_preset=&#8221;default&#8221; hover_enabled=&#8221;0&#8243; global_colors_info=&#8221;{}&#8221; sticky_enabled=&#8221;0&#8243;][\/et_pb_image][\/et_pb_column][\/et_pb_row][\/et_pb_section][et_pb_section fb_built=&#8221;1&#8243; admin_label=&#8221;Contact Form&#8221; _builder_version=&#8221;4.16&#8243; background_color_gradient_direction=&#8221;90deg&#8221; custom_padding=&#8221;0px|0px|0px|0px|false|false&#8221; locked=&#8221;off&#8221; global_colors_info=&#8221;{}&#8221;][et_pb_row _builder_version=&#8221;4.16&#8243; _module_preset=&#8221;default&#8221; custom_margin=&#8221;20px||0px||false|false&#8221; custom_padding=&#8221;0px||0px||false|false&#8221; global_colors_info=&#8221;{}&#8221;][et_pb_column type=&#8221;4_4&#8243; _builder_version=&#8221;4.16&#8243; _module_preset=&#8221;default&#8221; global_colors_info=&#8221;{}&#8221;][et_pb_text module_class=&#8221;ch-title ch-first-section&#8221; _builder_version=&#8221;4.16&#8243; _module_preset=&#8221;97f715d7-a116-470d-b928-4645b11b8148&#8243; text_font=&#8221;||||||||&#8221; text_text_color=&#8221;#998b6b&#8221; text_font_size=&#8221;35px&#8221; inline_fonts=&#8221;Raleway&#8221; global_colors_info=&#8221;{}&#8221;]<\/p>\n<p>Impressum<\/p>\n<p>[\/et_pb_text][et_pb_text module_class=&#8221;ch-subtitle&#8221; _builder_version=&#8221;4.16&#8243; _module_preset=&#8221;default&#8221; text_font=&#8221;|600|||||||&#8221; text_text_color=&#8221;#665b52&#8243; text_font_size=&#8221;20px&#8221; global_colors_info=&#8221;{}&#8221;]<\/p>\n<p style=\"text-align: center;\">Maso Canal &#8211; 4 Fiori<\/p>\n<p>[\/et_pb_text][et_pb_divider color=&#8221;#cca652&#8243; divider_weight=&#8221;4px&#8221; module_class=&#8221;ch-divider&#8221; _builder_version=&#8221;4.16&#8243; _module_preset=&#8221;default&#8221; width=&#8221;15%&#8221; module_alignment=&#8221;center&#8221; global_colors_info=&#8221;{}&#8221;][\/et_pb_divider][\/et_pb_column][\/et_pb_row][et_pb_row admin_label=&#8221;Benvenuti&#8221; _builder_version=&#8221;4.16&#8243; _module_preset=&#8221;default&#8221; custom_margin=&#8221;0px||0px||false|false&#8221; custom_padding=&#8221;0px||0px||false|false&#8221; locked=&#8221;off&#8221; global_colors_info=&#8221;{}&#8221;][et_pb_column type=&#8221;4_4&#8243; _builder_version=&#8221;4.16&#8243; _module_preset=&#8221;default&#8221; global_colors_info=&#8221;{}&#8221;][et_pb_text _builder_version=&#8221;4.19.1&#8243; text_font=&#8221;||||||||&#8221; text_text_color=&#8221;#939393&#8243; text_font_size=&#8221;16px&#8221; text_line_height=&#8221;1.8em&#8221; header_font=&#8221;||||&#8221; background_size=&#8221;initial&#8221; background_position=&#8221;top_left&#8221; background_repeat=&#8221;repeat&#8221; text_orientation=&#8221;center&#8221; custom_margin=&#8221;||||false|false&#8221; custom_padding=&#8221;||||false|false&#8221; animation_style=&#8221;slide&#8221; animation_direction=&#8221;top&#8221; animation_intensity_slide=&#8221;4%&#8221; global_colors_info=&#8221;{}&#8221;]<\/p>\n<p><strong>Chizzali Andreas<\/strong><br \/>Colac 1<br \/>39030 Marebbe<br \/>Rina (BZ)<br \/>Alto Adige \u2013 Italia<\/p>\n<p><strong style=\"font-style: inherit;\">Telefono: <\/strong><a href=\"tel:00393389137254\"> <\/a><a href=\"tel:00393287437393\">+39 328 743 7393<\/a><br \/><strong style=\"font-style: inherit;\">Mail:<\/strong> <a href=\"mailto:info@canalhof.com\">info@canalhof.com<\/a><br \/><strong style=\"font-style: inherit;\">Sito web:<\/strong> <a href=\"http:\/\/www.canalhof.com\">www.canalhof.com<\/a><br \/><strong style=\"font-style: inherit;\">PEC Mail<\/strong> <a href=\"mailto:chizzali.andreas@pec.sbb.it\">chizzali.andreas@pec.sbb.it<\/a><\/p>\n<p><strong style=\"font-style: inherit;\">Codice fiscale<\/strong>:<br \/><strong style=\"font-style: inherit;\">Partita IVA<\/strong>:<br \/><strong style=\"font-style: inherit;\">Codice destinatario:<\/strong><\/p>\n<p><strong style=\"font-style: inherit;\">Distribuzione online<br \/>MTS online GmbH<br \/>tofisch I villa I verde<br \/>Anton Peintner Weg 4<br \/>39030 Vintl &#8211; S\u00fcdtirol<br \/>Telefono. <a href=\"tel:0039%200472%20869368\"> <\/a><a href=\"tel:0039%200472%20869368\">+39 0472 869368<\/a><br \/>Mail: <a href=\"mailto:support@mts-online.com\">support@mts-online.com<\/a><br \/>Webseite: <a href=\"http:\/\/www.mts-online.com\">www.mts-online.com<\/a><\/strong><\/p>\n<p><strong style=\"font-style: inherit;\"><\/strong><\/p>\n<p><strong style=\"font-style: inherit;\"><\/strong><\/p>\n<p>Obbligo di pubblicare i contributi <a href=\"https:\/\/www.rna.gov.it\/RegistroNazionaleTrasparenza\/faces\/pages\/TrasparenzaAiuto.jspx\">https:\/\/www.rna.gov.it\/RegistroNazionaleTrasparenza\/faces\/pages\/TrasparenzaAiuto.jspx<\/a><\/p>\n<p><strong style=\"font-style: inherit;\">Fonti per le immagini e i grafici utilizzati<\/strong><strong><br \/><\/strong>\u00a9 Chizzali Andreas \u2013 Maso Canal<br \/>\u00a9 Associazione Turistica San Vigilio<br \/>\u00a9 Associazione turistica St. Martin<\/p>\n<p><strong style=\"font-style: inherit;\">Risoluzione delle controversie<\/strong><strong><br \/><\/strong>Informazioni obbligatorie ai sensi del Regolamento UE n. 524\/2013 del Parlamento e Consiglio europeo. Piattaforma per la risoluzione online delle controversie (ODR) della Commissione europea: <a href=\"http:\/\/ec.europa.eu\/consumers\/odr\/\">https:\/\/ec.europa.eu\/consumers\/odr\/main\/?event=main.trader.register<\/a><\/p>\n<p><strong style=\"font-style: inherit;\"> <\/strong><strong>Concetto e realizzazione<\/strong><strong><br \/><\/strong>Maso Canal \u2013 Chizzali Andreas<\/p>\n<p><strong style=\"font-style: inherit;\">Responsabile per il contenuto<\/strong><strong><br \/><\/strong>Maso Canal \u2013 Chizzali Andreas<\/p>\n<p><strong style=\"font-style: inherit;\">Dichiarazione liberatoria:<\/strong><strong><br \/><strong style=\"font-style: inherit;\">Responsabilit\u00e0 per i contenuti<\/strong><br \/><\/strong>I contenuti delle nostre pagine sono stati redatti, elaborati e controllati scrupolosamente. Tuttavia, non ci assumiamo nessuna responsabilit\u00e0 per la correttezza, qualit\u00e0, completezza e attualit\u00e0 dei contenuti, poich\u00e9 non \u00e8 da escludere che siano cambiati nel tempo. Come prestatori di servizi siamo responsabili per i contenuti di queste pagine in base alla normativa vigente. Nella nostra qualit\u00e0 di prestatori di servizi non siamo per\u00f2 obbligati a controllare l\u2019esattezza di informazioni ricevute o salvate da terzi, o a controllare se sussistano irregolarit\u00e0 che indichino un\u2019attivit\u00e0 illegale. L\u2019obbligo di rimuovere o bloccare l\u2019utilizzo di informazioni secondo la normativa vigente rimane valido. L\u2019assunzione di tale responsabilit\u00e0 \u00e8 tuttavia possibile solamente dopo il momento dell\u2019effettivo riconoscimento da parte nostra di una concreta violazione di diritto. Alla presa d\u2019atto di tali violazioni di legge provvederemo immediatamente alla rimozione dei contenuti in questione. Si escludono di principio le rivendicazioni di responsabilit\u00e0 di qualsiasi tipo causate dall\u2019utilizzo di informazioni messe a disposizione, oppure da informazioni errate e\/o incomplete.<\/p>\n<p><strong style=\"font-style: inherit;\">Responsabilit\u00e0 per i link<\/strong><strong><br \/><\/strong>La nostra offerta contiene dei collegamenti ipertestuali con siti web esterni di terzi, sui cui contenuti non possiamo influire. Per questo motivo non forniamo nessuna garanzia sui contenuti dei siti web linkati, indipendentemente dal tipo e dalla natura. Ne \u00e8 responsabile solamente il relativo proprietario o gestore del sito. Un controllo permanente dei contenuti dei siti linkati al presente non \u00e8 fattibile senza concreti punti di riferimento. All\u2019avvenuta conoscenza d\u2019infrazioni contro la legge causate dai siti web linkati, i link in questione saranno subito rimossi.<\/p>\n<p><strong style=\"font-style: inherit;\">Copyright<\/strong><strong><br \/><\/strong>Tutti i contenuti e le opere creati dal web designer e dai gestori del sito sono protetti da copyright. La riproduzione, l\u2019alterazione, la distribuzione e qualsiasi forma di utilizzo, soprattutto per scopi commerciali, al di fuori dei limiti del diritto d\u2019autore, sono severamente vietate e ammesse esclusivamente previa autorizzazione scritta del relativo autore o creatore. Nel caso i contenuti di questa pagina non siano stati creati dal gestore, sono da rispettare i diritti di copyright di terzi. I contenuti redatti da terzi sono contrassegnati come tali. In caso doveste notare una violazione del copyright, vi preghiamo gentilmente di farci pervenire un\u2019apposita segnalazione. All\u2019atto di presa di conoscenza di tali violazioni di legge, i contenuti in questione saranno naturalmente rimossi subito, senza per\u00f2 assumerne nessuna responsabilit\u00e0<\/p>\n<p>&nbsp;<\/p>\n<p>[\/et_pb_text][\/et_pb_column][\/et_pb_row][\/et_pb_section]<\/p>\n","protected":false},"excerpt":{"rendered":"<p>ImpressumMaso Canal &#8211; 4 FioriChizzali AndreasColac 139030 MarebbeRina (BZ)Alto Adige \u2013 Italia Telefono: +39 328 743 7393Mail: info@canalhof.comSito web: www.canalhof.comPEC Mail chizzali.andreas@pec.sbb.it Codice fiscale:Partita IVA:Codice destinatario: Distribuzione onlineMTS online GmbHtofisch I villa I verdeAnton Peintner Weg 439030 Vintl &#8211; S\u00fcdtirolTelefono. +39 0472 869368Mail: support@mts-online.comWebseite: www.mts-online.com Obbligo di pubblicare i contributi https:\/\/www.rna.gov.it\/RegistroNazionaleTrasparenza\/faces\/pages\/TrasparenzaAiuto.jspx Fonti per le immagini [&hellip;]<\/p>\n","protected":false},"author":1,"featured_media":0,"parent":0,"menu_order":0,"comment_status":"closed","ping_status":"closed","template":"","meta":{"_et_pb_use_builder":"on","_et_pb_old_content":"","_et_gb_content_width":"","inline_featured_image":false,"footnotes":""},"class_list":["post-2928","page","type-page","status-publish","hentry"],"_links":{"self":[{"href":"https:\/\/canalhof.com\/it\/wp-json\/wp\/v2\/pages\/2928","targetHints":{"allow":["GET"]}}],"collection":[{"href":"https:\/\/canalhof.com\/it\/wp-json\/wp\/v2\/pages"}],"about":[{"href":"https:\/\/canalhof.com\/it\/wp-json\/wp\/v2\/types\/page"}],"author":[{"embeddable":true,"href":"https:\/\/canalhof.com\/it\/wp-json\/wp\/v2\/users\/1"}],"replies":[{"embeddable":true,"href":"https:\/\/canalhof.com\/it\/wp-json\/wp\/v2\/comments?post=2928"}],"version-history":[{"count":12,"href":"https:\/\/canalhof.com\/it\/wp-json\/wp\/v2\/pages\/2928\/revisions"}],"predecessor-version":[{"id":4022,"href":"https:\/\/canalhof.com\/it\/wp-json\/wp\/v2\/pages\/2928\/revisions\/4022"}],"wp:attachment":[{"href":"https:\/\/canalhof.com\/it\/wp-json\/wp\/v2\/media?parent=2928"}],"curies":[{"name":"wp","href":"https:\/\/api.w.org\/{rel}","templated":true}]}}