{"id":2853,"date":"2022-01-31T15:16:45","date_gmt":"2022-01-31T15:16:45","guid":{"rendered":"https:\/\/canalhof.com\/dove-siamo-e-come-arrivare\/"},"modified":"2023-04-06T13:33:35","modified_gmt":"2023-04-06T13:33:35","slug":"dove-siamo-e-come-arrivare","status":"publish","type":"page","link":"https:\/\/canalhof.com\/it\/dove-siamo-e-come-arrivare\/","title":{"rendered":"Dove siamo e come arrivare"},"content":{"rendered":"<p>[et_pb_section fb_built=&#8221;1&#8243; module_class=&#8221;ch-header-link-main&#8221; _builder_version=&#8221;4.16&#8243; _module_preset=&#8221;default&#8221; custom_padding=&#8221;0px||0px||false|false&#8221; collapsed=&#8221;off&#8221; global_colors_info=&#8221;{}&#8221;][et_pb_row _builder_version=&#8221;4.16&#8243; _module_preset=&#8221;default&#8221; max_width=&#8221;1140px&#8221; custom_padding=&#8221;0px||0px||false|false&#8221; global_colors_info=&#8221;{}&#8221;][et_pb_column type=&#8221;4_4&#8243; _builder_version=&#8221;4.16&#8243; _module_preset=&#8221;default&#8221; custom_padding=&#8221;||||false|false&#8221; global_colors_info=&#8221;{}&#8221;][et_pb_image src=&#8221;https:\/\/canalhof.com\/wp-content\/uploads\/2022\/01\/panorama_untermoj_gadertal_herbst.jpeg&#8221; title_text=&#8221;panorama_antermoia_valbadia_autunno&#8221; _builder_version=&#8221;4.20.4&#8243; _module_preset=&#8221;default&#8221; hover_enabled=&#8221;0&#8243; global_colors_info=&#8221;{}&#8221; alt=&#8221;panorama_antermoia_valbadia_autunno&#8221; sticky_enabled=&#8221;0&#8243;][\/et_pb_image][\/et_pb_column][\/et_pb_row][et_pb_row column_structure=&#8221;1_3,1_3,1_3&#8243; use_custom_gutter=&#8221;on&#8221; make_equal=&#8221;on&#8221; module_class=&#8221;ch-header-link3&#8243; _builder_version=&#8221;4.16&#8243; _module_preset=&#8221;default&#8221; background_color=&#8221;#998b6b&#8221; max_width=&#8221;1140px&#8221; custom_margin=&#8221;||||false|false&#8221; custom_padding=&#8221;0px||0px||false|false&#8221; global_colors_info=&#8221;{}&#8221;][et_pb_column type=&#8221;1_3&#8243; _builder_version=&#8221;4.16&#8243; _module_preset=&#8221;default&#8221; background_color=&#8221;#998b6b&#8221; border_color_right=&#8221;#FFFFFF&#8221; border_radii_tablet=&#8221;&#8221; border_radii_phone=&#8221;&#8221; border_radii_last_edited=&#8221;on|phone&#8221; global_colors_info=&#8221;{}&#8221;][et_pb_text _builder_version=&#8221;4.16&#8243; _module_preset=&#8221;default&#8221; text_font=&#8221;Raleway||on||||||&#8221; text_text_color=&#8221;#FFFFFF&#8221; text_font_size=&#8221;30px&#8221; background_color=&#8221;#998b6b&#8221; text_orientation=&#8221;center&#8221; custom_padding=&#8221;20px||||false|false&#8221; link_option_url=&#8221;#anreise&#8221; global_colors_info=&#8221;{}&#8221;]<\/p>\n<p style=\"text-align: center;\">Come arrivare<\/p>\n<p>[\/et_pb_text][et_pb_icon font_icon=&#8221;&#xe03a;||divi||400&#8243; icon_color=&#8221;#FFFFFF&#8221; icon_width=&#8221;40px&#8221; url=&#8221;#anreise&#8221; _builder_version=&#8221;4.16&#8243; _module_preset=&#8221;default&#8221; custom_padding=&#8221;0px||15px||false|false&#8221; global_colors_info=&#8221;{}&#8221;][\/et_pb_icon][\/et_pb_column][et_pb_column type=&#8221;1_3&#8243; _builder_version=&#8221;4.16&#8243; _module_preset=&#8221;default&#8221; border_radii_tablet=&#8221;&#8221; border_radii_phone=&#8221;&#8221; border_radii_last_edited=&#8221;on|desktop&#8221; global_colors_info=&#8221;{}&#8221;][et_pb_text _builder_version=&#8221;4.16&#8243; _module_preset=&#8221;default&#8221; text_font=&#8221;Raleway||on||||||&#8221; text_text_color=&#8221;#FFFFFF&#8221; text_font_size=&#8221;30px&#8221; background_color=&#8221;#998b6b&#8221; text_orientation=&#8221;center&#8221; custom_padding=&#8221;20px||||false|false&#8221; link_option_url=&#8221;#googlemaps&#8221; locked=&#8221;off&#8221; global_colors_info=&#8221;{}&#8221;]<\/p>\n<p style=\"text-align: center;\">Itinerario<\/p>\n<p>[\/et_pb_text][et_pb_icon font_icon=&#8221;&#xe03a;||divi||400&#8243; icon_color=&#8221;#FFFFFF&#8221; icon_width=&#8221;40px&#8221; url=&#8221;#googlemaps&#8221; _builder_version=&#8221;4.16&#8243; _module_preset=&#8221;default&#8221; custom_padding=&#8221;0px||15px||false|false&#8221; locked=&#8221;off&#8221; global_colors_info=&#8221;{}&#8221;][\/et_pb_icon][\/et_pb_column][et_pb_column type=&#8221;1_3&#8243; _builder_version=&#8221;4.16&#8243; _module_preset=&#8221;default&#8221; global_colors_info=&#8221;{}&#8221;][et_pb_text _builder_version=&#8221;4.16&#8243; _module_preset=&#8221;default&#8221; text_font=&#8221;Raleway||on||||||&#8221; text_text_color=&#8221;#FFFFFF&#8221; text_font_size=&#8221;30px&#8221; background_color=&#8221;#998b6b&#8221; text_orientation=&#8221;center&#8221; custom_padding=&#8221;20px||||false|false&#8221; link_option_url=&#8221;#infos&#8221; locked=&#8221;off&#8221; global_colors_info=&#8221;{}&#8221;]<\/p>\n<p style=\"text-align: center;\">Informazioni utili<\/p>\n<p>[\/et_pb_text][et_pb_icon font_icon=&#8221;&#xe03a;||divi||400&#8243; icon_color=&#8221;#FFFFFF&#8221; icon_width=&#8221;40px&#8221; url=&#8221;#infos&#8221; _builder_version=&#8221;4.16&#8243; _module_preset=&#8221;default&#8221; custom_padding=&#8221;0px||15px||false|false&#8221; locked=&#8221;off&#8221; global_colors_info=&#8221;{}&#8221;][\/et_pb_icon][\/et_pb_column][\/et_pb_row][\/et_pb_section][et_pb_section fb_built=&#8221;1&#8243; admin_label=&#8221;Anfahrt&#8221; _builder_version=&#8221;4.16&#8243; _module_preset=&#8221;default&#8221; locked=&#8221;off&#8221; collapsed=&#8221;off&#8221; global_colors_info=&#8221;{}&#8221;][et_pb_row module_id=&#8221;anreise&#8221; _builder_version=&#8221;4.16&#8243; _module_preset=&#8221;default&#8221; max_width=&#8221;1140px&#8221; custom_margin=&#8221;0px||0px||false|false&#8221; custom_padding=&#8221;0px||0px||false|false&#8221; global_colors_info=&#8221;{}&#8221;][et_pb_column type=&#8221;4_4&#8243; _builder_version=&#8221;4.16&#8243; _module_preset=&#8221;default&#8221; global_colors_info=&#8221;{}&#8221;][et_pb_text module_class=&#8221;ch-title ch-first-section&#8221; _builder_version=&#8221;4.16&#8243; _module_preset=&#8221;97f715d7-a116-470d-b928-4645b11b8148&#8243; text_text_color=&#8221;#998b6b&#8221; text_font_size=&#8221;35px&#8221; inline_fonts=&#8221;Raleway&#8221; global_colors_info=&#8221;{}&#8221;]<\/p>\n<p>Iniziate bene le vostre vacanze al Maso Canal di Antermoia<\/p>\n<p>[\/et_pb_text][et_pb_text module_class=&#8221;ch-subtitle&#8221; _builder_version=&#8221;4.16&#8243; _module_preset=&#8221;default&#8221; text_font=&#8221;Raleway|600|||||||&#8221; text_text_color=&#8221;#665b52&#8243; text_font_size=&#8221;20px&#8221; global_colors_info=&#8221;{}&#8221;]<\/p>\n<p style=\"text-align: center;\">Come raggiungerci<\/p>\n<p>[\/et_pb_text][et_pb_divider color=&#8221;#cca652&#8243; divider_weight=&#8221;4px&#8221; module_class=&#8221;ch-divider&#8221; _builder_version=&#8221;4.16&#8243; _module_preset=&#8221;default&#8221; width=&#8221;15%&#8221; module_alignment=&#8221;center&#8221; global_colors_info=&#8221;{}&#8221;][\/et_pb_divider][\/et_pb_column][\/et_pb_row][et_pb_row _builder_version=&#8221;4.16&#8243; _module_preset=&#8221;default&#8221; global_colors_info=&#8221;{}&#8221;][et_pb_column type=&#8221;4_4&#8243; _builder_version=&#8221;4.16&#8243; _module_preset=&#8221;default&#8221; global_colors_info=&#8221;{}&#8221;][et_pb_text admin_label=&#8221;Text&#8221; _builder_version=&#8221;4.16&#8243; _module_preset=&#8221;6f5ccce2-1d3f-476a-a20f-f97cd2dc45fb&#8221; locked=&#8221;off&#8221; global_colors_info=&#8221;{}&#8221;]<\/p>\n<p>Antermoia si trova nella Val Badia (Alto Adige) nel mezzo delle Dolomiti ed \u00e8 facilmente raggiungibile sia in auto che in autobus.<br \/>Qual \u00e8 il modo pi\u00f9 semplice per raggiungerci? Scopritelo qui! <\/p>\n<p>[\/et_pb_text][et_pb_text _builder_version=&#8221;4.16&#8243; text_font=&#8221;Raleway||||||||&#8221; text_text_color=&#8221;#998b6b&#8221; text_font_size=&#8221;20px&#8221; text_line_height=&#8221;1.8em&#8221; header_font=&#8221;Raleway||||||||&#8221; header_text_align=&#8221;center&#8221; header_text_color=&#8221;#FFFFFF&#8221; header_3_font=&#8221;Oswald|||on|||||&#8221; header_3_font_size=&#8221;42px&#8221; header_3_letter_spacing=&#8221;2px&#8221; header_3_line_height=&#8221;1.5em&#8221; text_orientation=&#8221;center&#8221; max_width=&#8221;600px&#8221; max_width_tablet=&#8221;&#8221; max_width_phone=&#8221;&#8221; max_width_last_edited=&#8221;on|phone&#8221; module_alignment=&#8221;left&#8221; custom_margin=&#8221;0px||0px||false|false&#8221; custom_padding=&#8221;0px||0px||false|false&#8221; locked=&#8221;off&#8221; inline_fonts=&#8221;Raleway&#8221; global_colors_info=&#8221;{}&#8221;]<\/p>\n<p style=\"text-align: left;\">Come arrivare in auto ad Antermoia<\/p>\n<p>[\/et_pb_text][et_pb_text module_class=&#8221;ch-list-icon-arrow&#8221; _builder_version=&#8221;4.16&#8243; _module_preset=&#8221;default&#8221; text_font=&#8221;Raleway||||||||&#8221; text_text_color=&#8221;#939393&#8243; text_font_size=&#8221;16px&#8221; global_colors_info=&#8221;{}&#8221;]<\/p>\n<ul>\n<li style=\"text-align: left;\">Uscire dall&#8217; autostrada del Brennero A22 all&#8217; uscita &#8220;Varna-Bressanone&#8221;.<\/li>\n<li style=\"text-align: left;\">Dopo il casello, proseguite direttamente sulla strada statale Bressanone\/Brunico.<\/li>\n<li style=\"text-align: left;\">A San Lorenzo girare in direzione Val Badia.<\/li>\n<li style=\"text-align: left;\">Seguire le indicazioni stradali in direzione di Corvara.<\/li>\n<li style=\"text-align: left;\">Da Piccolino, girate in direzione di Passo delle Erbe fino ad Antermoia.<\/li>\n<\/ul>\n<p>[\/et_pb_text][\/et_pb_column][\/et_pb_row][et_pb_row module_id=&#8221;googlemaps&#8221; _builder_version=&#8221;4.16&#8243; _module_preset=&#8221;default&#8221; global_colors_info=&#8221;{}&#8221;][et_pb_column type=&#8221;4_4&#8243; _builder_version=&#8221;4.16&#8243; _module_preset=&#8221;default&#8221; global_colors_info=&#8221;{}&#8221;][et_pb_code _builder_version=&#8221;4.16&#8243; _module_preset=&#8221;default&#8221; width=&#8221;100%&#8221; global_colors_info=&#8221;{}&#8221;]<iframe src=\"https:\/\/maps.google.com\/maps?q=39030,%20marebbe,%20colaccio&#038;t=&#038;z=13&#038;ie=UTF8&#038;iwloc=&#038;output=embed\" onload=\"javascript:(function(o){o.style.height=o.contentWindow.document.body.scrollHeight+\"px\";}(this));\" style=\"height:500px;width:100%;border:none;overflow:hidden;\" allowfullscreen=\"\" loading=\"lazy\"><\/iframe>[\/et_pb_code][\/et_pb_column][\/et_pb_row][et_pb_row module_id=&#8221;infos&#8221; _builder_version=&#8221;4.16&#8243; _module_preset=&#8221;default&#8221; global_colors_info=&#8221;{}&#8221;][et_pb_column type=&#8221;4_4&#8243; _builder_version=&#8221;4.16&#8243; _module_preset=&#8221;default&#8221; global_colors_info=&#8221;{}&#8221;][et_pb_text module_class=&#8221;ch-title ch-first-section&#8221; _builder_version=&#8221;4.16&#8243; _module_preset=&#8221;97f715d7-a116-470d-b928-4645b11b8148&#8243; text_text_color=&#8221;#998b6b&#8221; text_font_size=&#8221;35px&#8221; locked=&#8221;off&#8221; inline_fonts=&#8221;Raleway&#8221; global_colors_info=&#8221;{}&#8221;]<\/p>\n<p>Informazioni utili su come arrivare<\/p>\n<p>[\/et_pb_text][\/et_pb_column][\/et_pb_row][et_pb_row column_structure=&#8221;1_2,1_2&#8243; _builder_version=&#8221;4.16&#8243; _module_preset=&#8221;default&#8221; global_colors_info=&#8221;{}&#8221;][et_pb_column type=&#8221;1_2&#8243; _builder_version=&#8221;4.16&#8243; _module_preset=&#8221;default&#8221; global_colors_info=&#8221;{}&#8221;][et_pb_text _builder_version=&#8221;4.16&#8243; text_font=&#8221;Raleway||||||||&#8221; text_text_color=&#8221;#998b6b&#8221; text_font_size=&#8221;20px&#8221; text_line_height=&#8221;1.8em&#8221; header_font=&#8221;Raleway||||||||&#8221; header_text_align=&#8221;center&#8221; header_text_color=&#8221;#FFFFFF&#8221; header_3_font=&#8221;Oswald|||on|||||&#8221; header_3_font_size=&#8221;42px&#8221; header_3_letter_spacing=&#8221;2px&#8221; header_3_line_height=&#8221;1.5em&#8221; text_orientation=&#8221;center&#8221; max_width=&#8221;600px&#8221; max_width_tablet=&#8221;&#8221; max_width_phone=&#8221;&#8221; max_width_last_edited=&#8221;on|phone&#8221; module_alignment=&#8221;left&#8221; custom_margin=&#8221;0px||0px||false|false&#8221; custom_padding=&#8221;0px||0px||false|false&#8221; locked=&#8221;off&#8221; inline_fonts=&#8221;Raleway&#8221; global_colors_info=&#8221;{}&#8221;]<\/p>\n<p style=\"text-align: left;\">Situazione traffico in Alto Adige<\/p>\n<p>[\/et_pb_text][et_pb_text module_class=&#8221;ch-list-icon-arrow&#8221; _builder_version=&#8221;4.16&#8243; _module_preset=&#8221;default&#8221; text_font=&#8221;Raleway||||||||&#8221; text_text_color=&#8221;#939393&#8243; text_font_size=&#8221;16px&#8221; locked=&#8221;off&#8221; global_colors_info=&#8221;{}&#8221;]<\/p>\n<ul>\n<li style=\"text-align: left;\"><a href=\"https:\/\/verkehr.provinz.bz.it\/\" target=\"_blank\" rel=\"noopener\" title=\"Centro viabilit\u00e0 provinciale\">Bollettino del traffico in Alto Adige<\/a><\/li>\n<\/ul>\n<p>[\/et_pb_text][et_pb_text _builder_version=&#8221;4.16&#8243; text_font=&#8221;Raleway||||||||&#8221; text_text_color=&#8221;#998b6b&#8221; text_font_size=&#8221;20px&#8221; text_line_height=&#8221;1.8em&#8221; header_font=&#8221;Raleway||||||||&#8221; header_text_align=&#8221;center&#8221; header_text_color=&#8221;#FFFFFF&#8221; header_3_font=&#8221;Oswald|||on|||||&#8221; header_3_font_size=&#8221;42px&#8221; header_3_letter_spacing=&#8221;2px&#8221; header_3_line_height=&#8221;1.5em&#8221; text_orientation=&#8221;center&#8221; max_width=&#8221;600px&#8221; max_width_tablet=&#8221;&#8221; max_width_phone=&#8221;&#8221; max_width_last_edited=&#8221;on|phone&#8221; module_alignment=&#8221;left&#8221; custom_margin=&#8221;0px||0px||false|false&#8221; custom_padding=&#8221;0px||0px||false|false&#8221; locked=&#8221;off&#8221; inline_fonts=&#8221;Raleway&#8221; global_colors_info=&#8221;{}&#8221;]<\/p>\n<p style=\"text-align: left;\">Ferrovia<\/p>\n<p>[\/et_pb_text][et_pb_text _builder_version=&#8221;4.16&#8243; _module_preset=&#8221;6f5ccce2-1d3f-476a-a20f-f97cd2dc45fb&#8221; global_colors_info=&#8221;{}&#8221;]<\/p>\n<p style=\"text-align: left;\">Con il treno si pu\u00f2 arrivare fino alla stazione di Brunico. <\/p>\n<p>[\/et_pb_text][et_pb_text module_class=&#8221;ch-list-icon-arrow&#8221; _builder_version=&#8221;4.16&#8243; _module_preset=&#8221;default&#8221; text_font=&#8221;Raleway||||||||&#8221; text_text_color=&#8221;#939393&#8243; text_font_size=&#8221;16px&#8221; locked=&#8221;off&#8221; global_colors_info=&#8221;{}&#8221;]<\/p>\n<ul>\n<li style=\"text-align: left;\"><a href=\"https:\/\/www.trenitalia.com\/\" target=\"_blank\" rel=\"noopener\" title=\"Trenitalia\">Ferrovie dello Stato<\/a><\/li>\n<li style=\"text-align: left;\"><a href=\"https:\/\/www.bahn.de\/\" target=\"_blank\" rel=\"noopener\" title=\"Ferrovie Tedesche\">Ferrovie Tedesche<\/a><\/li>\n<li style=\"text-align: left;\"><a href=\"https:\/\/www.oebb.at\/\" target=\"_blank\" rel=\"noopener\" title=\"Ferrovie Austriache\">Ferrovie Austriache<\/a><\/li>\n<li style=\"text-align: left;\"><a href=\"https:\/\/www.sbb.ch\/de\" target=\"_blank\" rel=\"noopener\" title=\"Ferrovie Svizzere\">Ferrovie Svizzere<\/a><\/li>\n<\/ul>\n<p>[\/et_pb_text][\/et_pb_column][et_pb_column type=&#8221;1_2&#8243; _builder_version=&#8221;4.16&#8243; _module_preset=&#8221;default&#8221; global_colors_info=&#8221;{}&#8221;][et_pb_text _builder_version=&#8221;4.16&#8243; text_font=&#8221;Raleway||||||||&#8221; text_text_color=&#8221;#998b6b&#8221; text_font_size=&#8221;20px&#8221; text_line_height=&#8221;1.8em&#8221; header_font=&#8221;Raleway||||||||&#8221; header_text_align=&#8221;center&#8221; header_text_color=&#8221;#FFFFFF&#8221; header_3_font=&#8221;Oswald|||on|||||&#8221; header_3_font_size=&#8221;42px&#8221; header_3_letter_spacing=&#8221;2px&#8221; header_3_line_height=&#8221;1.5em&#8221; text_orientation=&#8221;center&#8221; max_width=&#8221;600px&#8221; max_width_tablet=&#8221;&#8221; max_width_phone=&#8221;&#8221; max_width_last_edited=&#8221;on|phone&#8221; module_alignment=&#8221;left&#8221; custom_margin=&#8221;0px||0px||false|false&#8221; custom_padding=&#8221;0px||0px||false|false&#8221; locked=&#8221;off&#8221; inline_fonts=&#8221;Raleway&#8221; global_colors_info=&#8221;{}&#8221;]<\/p>\n<p style=\"text-align: left;\">Pullman<\/p>\n<p>[\/et_pb_text][et_pb_text module_class=&#8221;ch-list-icon-arrow&#8221; _builder_version=&#8221;4.16&#8243; _module_preset=&#8221;default&#8221; text_font=&#8221;Raleway||||||||&#8221; text_text_color=&#8221;#939393&#8243; text_font_size=&#8221;16px&#8221; locked=&#8221;off&#8221; global_colors_info=&#8221;{}&#8221;]<\/p>\n<ul>\n<li style=\"text-align: left;\"><a href=\"https:\/\/www.suedtirolmobil.info\/\" target=\"_blank\" rel=\"noopener\" title=\"Servizio pullman Alto Adige\">Mezzi pubblici in Alto Adige<\/a><\/li>\n<\/ul>\n<p>[\/et_pb_text][et_pb_text _builder_version=&#8221;4.16&#8243; text_font=&#8221;Raleway||||||||&#8221; text_text_color=&#8221;#998b6b&#8221; text_font_size=&#8221;20px&#8221; text_line_height=&#8221;1.8em&#8221; header_font=&#8221;Raleway||||||||&#8221; header_text_align=&#8221;center&#8221; header_text_color=&#8221;#FFFFFF&#8221; header_3_font=&#8221;Oswald|||on|||||&#8221; header_3_font_size=&#8221;42px&#8221; header_3_letter_spacing=&#8221;2px&#8221; header_3_line_height=&#8221;1.5em&#8221; text_orientation=&#8221;center&#8221; max_width=&#8221;600px&#8221; max_width_tablet=&#8221;&#8221; max_width_phone=&#8221;&#8221; max_width_last_edited=&#8221;on|phone&#8221; module_alignment=&#8221;left&#8221; custom_margin=&#8221;0px||0px||false|false&#8221; custom_padding=&#8221;0px||0px||false|false&#8221; locked=&#8221;off&#8221; inline_fonts=&#8221;Raleway&#8221; global_colors_info=&#8221;{}&#8221;]<\/p>\n<p style=\"text-align: left;\">Aereo<\/p>\n<p>[\/et_pb_text][et_pb_text module_class=&#8221;ch-list-icon-arrow&#8221; _builder_version=&#8221;4.16&#8243; _module_preset=&#8221;default&#8221; text_font=&#8221;Raleway||||||||&#8221; text_text_color=&#8221;#939393&#8243; text_font_size=&#8221;16px&#8221; locked=&#8221;off&#8221; global_colors_info=&#8221;{}&#8221;]<\/p>\n<ul>\n<li><a href=\"https:\/\/www.bolzanoairport.it\/\" target=\"_blank\" rel=\"noopener noreferrer\">Aereoporto di Bolzano<\/a><\/li>\n<li><a href=\"http:\/\/www.innsbruck-airport.com\/\" title=\"Aereoporto di Innsbruck\" target=\"_blank\" rel=\"noopener noreferrer\">Aereoporto di Innsbruck<\/a><\/li>\n<li><a href=\"http:\/\/www.munich-airport.de\/\" title=\"Aereoporto di Monaco\" target=\"_blank\" rel=\"noopener noreferrer\">Aereoporto di Monaco<\/a><\/li>\n<li><a href=\"http:\/\/www.trevisoairport.it\/\" title=\"Aereoporto di Treviso\" target=\"_blank\" rel=\"noopener noreferrer\">Aereoporto di Treviso<\/a><\/li>\n<li><a href=\"http:\/\/www.aeroportoverona.it\/\" title=\"Aereoporto di Verona\" target=\"_blank\" rel=\"noopener noreferrer\">Aereoporto di Verona<\/a><\/li>\n<\/ul>\n<p>[\/et_pb_text][\/et_pb_column][\/et_pb_row][\/et_pb_section]<\/p>\n","protected":false},"excerpt":{"rendered":"<p>Come arrivareItinerarioInformazioni utiliIniziate bene le vostre vacanze al Maso Canal di AntermoiaCome raggiungerciAntermoia si trova nella Val Badia (Alto Adige) nel mezzo delle Dolomiti ed \u00e8 facilmente raggiungibile sia in auto che in autobus.Qual \u00e8 il modo pi\u00f9 semplice per raggiungerci? Scopritelo qui! Come arrivare in auto ad Antermoia Uscire dall&#8217; autostrada del Brennero A22 [&hellip;]<\/p>\n","protected":false},"author":1,"featured_media":0,"parent":0,"menu_order":0,"comment_status":"closed","ping_status":"closed","template":"","meta":{"_et_pb_use_builder":"on","_et_pb_old_content":"","_et_gb_content_width":"","inline_featured_image":false,"footnotes":""},"class_list":["post-2853","page","type-page","status-publish","hentry"],"_links":{"self":[{"href":"https:\/\/canalhof.com\/it\/wp-json\/wp\/v2\/pages\/2853","targetHints":{"allow":["GET"]}}],"collection":[{"href":"https:\/\/canalhof.com\/it\/wp-json\/wp\/v2\/pages"}],"about":[{"href":"https:\/\/canalhof.com\/it\/wp-json\/wp\/v2\/types\/page"}],"author":[{"embeddable":true,"href":"https:\/\/canalhof.com\/it\/wp-json\/wp\/v2\/users\/1"}],"replies":[{"embeddable":true,"href":"https:\/\/canalhof.com\/it\/wp-json\/wp\/v2\/comments?post=2853"}],"version-history":[{"count":20,"href":"https:\/\/canalhof.com\/it\/wp-json\/wp\/v2\/pages\/2853\/revisions"}],"predecessor-version":[{"id":4017,"href":"https:\/\/canalhof.com\/it\/wp-json\/wp\/v2\/pages\/2853\/revisions\/4017"}],"wp:attachment":[{"href":"https:\/\/canalhof.com\/it\/wp-json\/wp\/v2\/media?parent=2853"}],"curies":[{"name":"wp","href":"https:\/\/api.w.org\/{rel}","templated":true}]}}