{"id":2249,"date":"2022-01-05T17:25:46","date_gmt":"2022-01-05T17:25:46","guid":{"rendered":"https:\/\/canalhof.com\/home\/"},"modified":"2023-04-06T12:37:49","modified_gmt":"2023-04-06T12:37:49","slug":"home","status":"publish","type":"page","link":"https:\/\/canalhof.com\/it\/","title":{"rendered":"Home"},"content":{"rendered":"<p>[et_pb_section fb_built=&#8221;1&#8243; fullwidth=&#8221;on&#8221; admin_label=&#8221;Fullwidth Slider Canalhof&#8221; _builder_version=&#8221;4.16&#8243; _module_preset=&#8221;default&#8221; custom_margin=&#8221;||||false|false&#8221; saved_tabs=&#8221;all&#8221; global_colors_info=&#8221;{}&#8221;][et_pb_fullwidth_code module_class=&#8221;ch-metaslider&#8221; _builder_version=&#8221;4.16&#8243; _module_preset=&#8221;default&#8221; global_colors_info=&#8221;{}&#8221;]<div id=\"metaslider-id-1422\" style=\"width: 100%; margin: 0 auto;\" class=\"ml-slider-3-27-13 metaslider metaslider-flex metaslider-1422 ml-slider ms-theme-cubic has-dots-nav\">\n    <div id=\"metaslider_container_1422\">\n        <div id=\"metaslider_1422\" class=\"flexslider\">\n            <ul aria-live=\"polite\" class=\"slides\">\n                <li style=\"display: block; width: 100%;\" class=\"slide-3143 ms-image\"><img loading=\"lazy\" decoding=\"async\" src=\"https:\/\/canalhof.com\/wp-content\/uploads\/2022\/03\/20220305093058-2-scaled-700x500.jpg\" height=\"500\" width=\"700\" alt=\"\" class=\"slider-1422 slide-3143\" title=\"20220305093058\" \/><\/li>\n                <li style=\"display: none; width: 100%;\" class=\"slide-1424 ms-image\"><img loading=\"lazy\" decoding=\"async\" src=\"https:\/\/canalhof.com\/wp-content\/uploads\/2021\/10\/hompage-Foto-scaled-700x500.jpg\" height=\"500\" width=\"700\" alt=\"hompage Foto\" class=\"slider-1422 slide-1424\" title=\"hompage Foto\" \/><\/li>\n                <li style=\"display: none; width: 100%;\" class=\"slide-1425 ms-image\"><img loading=\"lazy\" decoding=\"async\" src=\"https:\/\/canalhof.com\/wp-content\/uploads\/2021\/10\/hompage-foto6-scaled-700x500.jpg\" height=\"500\" width=\"700\" alt=\"hompage foto6\" class=\"slider-1422 slide-1425\" title=\"hompage foto6\" \/><\/li>\n                <li style=\"display: none; width: 100%;\" class=\"slide-1426 ms-image\"><img loading=\"lazy\" decoding=\"async\" src=\"https:\/\/canalhof.com\/wp-content\/uploads\/2021\/01\/canalhof_aussicht_dolomiten-700x500.jpeg\" height=\"500\" width=\"700\" alt=\"\" class=\"slider-1422 slide-1426\" title=\"canalhof_aussicht_dolomiten\" \/><\/li>\n            <\/ul>\n        <\/div>\n        \n    <\/div>\n<\/div>[\/et_pb_fullwidth_code][\/et_pb_section][et_pb_section fb_built=&#8221;1&#8243; admin_label=&#8221;Willkommen auf dem Canalhof&#8221; _builder_version=&#8221;4.16&#8243; background_color=&#8221;#ffffff&#8221; background_position=&#8221;top_left&#8221; custom_margin=&#8221;||||false|false&#8221; custom_padding=&#8221;25px|0px|25px|0px|false|false&#8221; bottom_divider_color=&#8221;rgba(102,91,82,0.9)&#8221; bottom_divider_arrangement=&#8221;above_content&#8221; collapsed=&#8221;off&#8221; global_colors_info=&#8221;{}&#8221;][et_pb_row _builder_version=&#8221;4.16&#8243; _module_preset=&#8221;default&#8221; custom_margin=&#8221;0px||0px||false|false&#8221; custom_padding=&#8221;0px||0px||false|false&#8221; global_colors_info=&#8221;{}&#8221;][et_pb_column type=&#8221;4_4&#8243; _builder_version=&#8221;4.16&#8243; _module_preset=&#8221;default&#8221; global_colors_info=&#8221;{}&#8221;][et_pb_text module_class=&#8221;ch-title ch-first-section&#8221; _builder_version=&#8221;4.16&#8243; _module_preset=&#8221;97f715d7-a116-470d-b928-4645b11b8148&#8243; text_text_color=&#8221;#998b6b&#8221; text_font_size=&#8221;35px&#8221; inline_fonts=&#8221;Raleway&#8221; global_colors_info=&#8221;{}&#8221;]<\/p>\n<p>Benvenuti al Canalhof<\/p>\n<p>[\/et_pb_text][et_pb_text module_class=&#8221;ch-subtitle&#8221; _builder_version=&#8221;4.16&#8243; _module_preset=&#8221;default&#8221; text_font=&#8221;Raleway|600|||||||&#8221; text_text_color=&#8221;#665b52&#8243; text_font_size=&#8221;20px&#8221; global_colors_info=&#8221;{}&#8221;]<\/p>\n<p style=\"text-align: center;\">Dove le montagne sono vicine a te<\/p>\n<p>[\/et_pb_text][et_pb_divider color=&#8221;#cca652&#8243; divider_weight=&#8221;4px&#8221; module_class=&#8221;ch-divider&#8221; _builder_version=&#8221;4.16&#8243; _module_preset=&#8221;default&#8221; width=&#8221;15%&#8221; module_alignment=&#8221;center&#8221; global_colors_info=&#8221;{}&#8221;][\/et_pb_divider][\/et_pb_column][\/et_pb_row][et_pb_row column_structure=&#8221;1_2,1_2&#8243; custom_padding_last_edited=&#8221;on|desktop&#8221; _builder_version=&#8221;4.16&#8243; max_width=&#8221;1500px&#8221; custom_margin=&#8221;|auto||auto|false|false&#8221; custom_padding=&#8221;|0px||0px|false|false&#8221; custom_padding_tablet=&#8221;|0px||&#8221; custom_padding_phone=&#8221;|0px||&#8221; global_colors_info=&#8221;{}&#8221;][et_pb_column type=&#8221;1_2&#8243; _builder_version=&#8221;4.16&#8243; background_position=&#8221;top_left&#8221; custom_padding=&#8221;||||false|false&#8221; global_colors_info=&#8221;{}&#8221; custom_padding__hover=&#8221;|||&#8221;][et_pb_text _builder_version=&#8221;4.16&#8243; _module_preset=&#8221;6f5ccce2-1d3f-476a-a20f-f97cd2dc45fb&#8221; global_colors_info=&#8221;{}&#8221;]<\/p>\n<p>Il nostro maso si trova nella frazione di Colac nella <strong>Val Badia<\/strong>, una valle laterale alla <strong>Val Pusteria<\/strong>, circondata da prati e boschi e una vista fantastica verso il <strong>Plan de Corones<\/strong>e sul paesaggio montano delle <strong>Dolomiti<\/strong>! Da noi la natura \u00e8 a portata di mano, la si pu\u00f2 cogliere nella sua forma pi\u00f9 pura. Dal rumore del silenzio, al bisbiglio degli animali del bosco che parlano tra loro. Questo contatto con la natura \u00e8 ci\u00f2 che desiderano anima e corpo!    <\/p>\n<p>Partendo dalla nostra strutta si possono intraprendere diverse attivit\u00e0 in tutti i periodi dell\u2019anno. La nostra area turistica \u00e8 conosciuta proprio per la sua variet\u00e0 di attivit\u00e0 e di attrazioni. <\/p>\n<p>I nostri accoglienti <strong>appartamenti<\/strong> e il nostro <strong>centro benessere<\/strong> qui al Canalhof vi faranno trascorrere una vacanza davvero rilassante.<\/p>\n<p>[\/et_pb_text][\/et_pb_column][et_pb_column type=&#8221;1_2&#8243; _builder_version=&#8221;4.16&#8243; background_position=&#8221;top_left&#8221; custom_padding=&#8221;||||false|false&#8221; global_colors_info=&#8221;{}&#8221; custom_padding__hover=&#8221;|||&#8221;][et_pb_image src=&#8221;https:\/\/canalhof.com\/wp-content\/uploads\/2021\/10\/aussicht-herbst-gadertal-scaled.jpg&#8221; title_text=&#8221;vista-autunno-gadertal&#8221; _builder_version=&#8221;4.16&#8243; _module_preset=&#8221;default&#8221; custom_margin=&#8221;||||false|false&#8221; global_colors_info=&#8221;{}&#8221;][\/et_pb_image][\/et_pb_column][\/et_pb_row][\/et_pb_section][et_pb_section fb_built=&#8221;1&#8243; admin_label=&#8221;Was wir bieten&#8221; module_class=&#8221;ch-setion-more-first&#8221; _builder_version=&#8221;4.16&#8243; background_color=&#8221;rgba(102,91,82,0.9)&#8221; background_position=&#8221;top_left&#8221; positioning=&#8221;none&#8221; custom_margin=&#8221;||||false|false&#8221; custom_padding=&#8221;25px|0px|25px|0px|false|false&#8221; global_colors_info=&#8221;{}&#8221;][et_pb_row column_structure=&#8221;1_2,1_2&#8243; use_custom_gutter=&#8221;on&#8221; gutter_width=&#8221;1&#8243; make_equal=&#8221;on&#8221; admin_label=&#8221;Appartamenti e prezzi&#8221; module_class=&#8221; et_pb_row_fullwidth view&#8221; _builder_version=&#8221;4.16&#8243; background_color=&#8221;#4d4239&#8243; width=&#8221;100%&#8221; width_tablet=&#8221;100%&#8221; width_phone=&#8221;&#8221; width_last_edited=&#8221;on|desktop&#8221; max_width=&#8221;1500px&#8221; max_width_tablet=&#8221;100%&#8221; max_width_phone=&#8221;&#8221; max_width_last_edited=&#8221;on|desktop&#8221; custom_margin=&#8221;0px||0px||false|false&#8221; custom_padding=&#8221;0px||0px||false|false&#8221; custom_css_main_element=&#8221;display: flex; ||vertical-align: center; &#8221; make_fullwidth=&#8221;on&#8221; global_colors_info=&#8221;{}&#8221;][et_pb_column type=&#8221;1_2&#8243; _builder_version=&#8221;4.16&#8243; custom_padding=&#8221;0px|0px|0px|0px|false|false&#8221; global_colors_info=&#8221;{}&#8221; custom_padding__hover=&#8221;|||&#8221;][et_pb_code module_class=&#8221;ch-widget&#8221; _builder_version=&#8221;4.16&#8243; _module_preset=&#8221;default&#8221; width=&#8221;100%&#8221; height=&#8221;100%&#8221; custom_margin=&#8221;0px|0px|0px|0px|false|false&#8221; custom_padding=&#8221;0px|0px|0px|0px|false|false&#8221; global_colors_info=&#8221;{}&#8221;]<\/p>\n<div class=\"ch-widget\"><!-- [et_pb_line_break_holder] --><\/p>\n<div class=\"ch-widget-title\">Appartamenti e prezzi<\/div>\n<p><!-- [et_pb_line_break_holder] --><\/p>\n<div class=\"ch-widget-text\">I nostri appartamenti sono stati arredati facendo molta attenzione ai dettagli e utilizzando solo legno della nostra foresta, perch\u00e9 la sostenibilit\u00e0 per noi \u00e8 molto importante!<\/div>\n<p><!-- [et_pb_line_break_holder] --><\/p>\n<div class=\"ch-widget-button\"><!-- [et_pb_line_break_holder] --><a class=\"et_pb_button et_pb_button_0 et_hover_enabled et_pb_bg_layout_light\" href=\"https:\/\/canalhof.com\/it\/appartamenti\/\">Scopri di pi\u00f9 &#8230;<\/a>  <!-- [et_pb_line_break_holder] --><\/div>\n<p><!-- [et_pb_line_break_holder] --><\/div>\n<p><!-- [et_pb_line_break_holder] -->[\/et_pb_code][\/et_pb_column][et_pb_column type=&#8221;1_2&#8243; _builder_version=&#8221;4.16&#8243; background_enable_image=&#8221;off&#8221; custom_padding=&#8221;|||&#8221; global_colors_info=&#8221;{}&#8221; custom_padding__hover=&#8221;|||&#8221;][et_pb_image src=&#8221;https:\/\/canalhof.com\/wp-content\/uploads\/2021\/10\/wohnung_zehnerkofel.jpg&#8221; title_text=&#8221;appartamento_zehnerkofel&#8221; show_bottom_space=&#8221;off&#8221; _builder_version=&#8221;4.16&#8243; _module_preset=&#8221;default&#8221; custom_padding=&#8221;||||false|false&#8221; global_colors_info=&#8221;{}&#8221;][\/et_pb_image][\/et_pb_column][\/et_pb_row][et_pb_row column_structure=&#8221;1_2,1_2&#8243; use_custom_gutter=&#8221;on&#8221; gutter_width=&#8221;1&#8243; make_equal=&#8221;on&#8221; admin_label=&#8221;Colazione&#8221; module_class=&#8221; et_pb_row_fullwidth reverseview&#8221; _builder_version=&#8221;4.16&#8243; background_color=&#8221;#4d4239&#8243; width=&#8221;100%&#8221; width_tablet=&#8221;100%&#8221; width_phone=&#8221;&#8221; width_last_edited=&#8221;on|desktop&#8221; max_width=&#8221;1500px&#8221; max_width_tablet=&#8221;100%&#8221; max_width_phone=&#8221;&#8221; max_width_last_edited=&#8221;on|desktop&#8221; custom_margin=&#8221;|||&#8221; custom_padding=&#8221;0px||0px||false|false&#8221; make_fullwidth=&#8221;on&#8221; locked=&#8221;off&#8221; global_colors_info=&#8221;{}&#8221;][et_pb_column type=&#8221;1_2&#8243; _builder_version=&#8221;4.16&#8243; positioning=&#8221;none&#8221; custom_padding=&#8221;||||false|false&#8221; global_colors_info=&#8221;{}&#8221; custom_padding__hover=&#8221;|||&#8221;][et_pb_image src=&#8221;https:\/\/canalhof.com\/wp-content\/uploads\/2021\/10\/bread-g2ace3590a_1920.jpg&#8221; title_text=&#8221;bread-g2ace3590a_1920&#8243; show_bottom_space=&#8221;off&#8221; force_fullwidth=&#8221;on&#8221; _builder_version=&#8221;4.16&#8243; _module_preset=&#8221;default&#8221; custom_padding=&#8221;||||false|false&#8221; global_colors_info=&#8221;{}&#8221;][\/et_pb_image][\/et_pb_column][et_pb_column type=&#8221;1_2&#8243; _builder_version=&#8221;4.16&#8243; background_enable_color=&#8221;off&#8221; background_enable_image=&#8221;off&#8221; position_origin_a=&#8221;center_right&#8221; vertical_offset=&#8221;0px&#8221; custom_padding=&#8221;20px|5px|20px|5px|false|false&#8221; global_colors_info=&#8221;{}&#8221; custom_padding__hover=&#8221;|||&#8221;][et_pb_code module_class=&#8221;ch-widget&#8221; _builder_version=&#8221;4.16&#8243; _module_preset=&#8221;default&#8221; width=&#8221;100%&#8221; height=&#8221;100%&#8221; custom_margin=&#8221;0px|0px|0px|0px|false|false&#8221; custom_padding=&#8221;0px|0px|0px|0px|false|false&#8221; locked=&#8221;off&#8221; global_colors_info=&#8221;{}&#8221;]<\/p>\n<div class=\"ch-widget\"><!-- [et_pb_line_break_holder] --><\/p>\n<div class=\"ch-widget-title\">Colazione<\/div>\n<p><!-- [et_pb_line_break_holder] --><\/p>\n<div class=\"ch-widget-text\">La colazione in compagnia della famiglia e degli amici ti mette a tuo agio e riempie di energia il tuo corpo.<\/div>\n<p><!-- [et_pb_line_break_holder] --><\/p>\n<div class=\"ch-widget-button\"><!-- [et_pb_line_break_holder] --><a class=\"et_pb_button et_pb_button_0 et_hover_enabled et_pb_bg_layout_light\" href=\"https:\/\/canalhof.com\/it\/il-maso\/#fruehstueck\">Scopri di pi\u00f9 &#8230;<\/a>  <!-- [et_pb_line_break_holder] --><\/div>\n<p><!-- [et_pb_line_break_holder] --><\/div>\n<p><!-- [et_pb_line_break_holder] -->[\/et_pb_code][\/et_pb_column][\/et_pb_row][et_pb_row column_structure=&#8221;1_2,1_2&#8243; use_custom_gutter=&#8221;on&#8221; gutter_width=&#8221;1&#8243; make_equal=&#8221;on&#8221; admin_label=&#8221;Sauna&#8221; module_class=&#8221; et_pb_row_fullwidth view&#8221; _builder_version=&#8221;4.16&#8243; background_color=&#8221;#4d4239&#8243; width=&#8221;100%&#8221; width_tablet=&#8221;100%&#8221; width_phone=&#8221;&#8221; width_last_edited=&#8221;on|desktop&#8221; max_width=&#8221;1500px&#8221; max_width_tablet=&#8221;100%&#8221; max_width_phone=&#8221;&#8221; max_width_last_edited=&#8221;on|desktop&#8221; custom_margin=&#8221;||||false|false&#8221; custom_padding=&#8221;0px||10px||false|false&#8221; custom_css_main_element=&#8221;padding-bottom: 10px !important;&#8221; make_fullwidth=&#8221;on&#8221; locked=&#8221;off&#8221; global_colors_info=&#8221;{}&#8221;][et_pb_column type=&#8221;1_2&#8243; _builder_version=&#8221;4.16&#8243; custom_padding=&#8221;20px|5px|20px|5px|false|false&#8221; global_colors_info=&#8221;{}&#8221; custom_padding__hover=&#8221;|||&#8221;][et_pb_code module_class=&#8221;ch-widget&#8221; _builder_version=&#8221;4.16&#8243; _module_preset=&#8221;default&#8221; width=&#8221;100%&#8221; height=&#8221;100%&#8221; custom_margin=&#8221;0px|0px|0px|0px|false|false&#8221; custom_padding=&#8221;0px|0px|0px|0px|false|false&#8221; locked=&#8221;off&#8221; global_colors_info=&#8221;{}&#8221;]<\/p>\n<div class=\"ch-widget\"><!-- [et_pb_line_break_holder] --><\/p>\n<div class=\"ch-widget-title\">Sauna<\/div>\n<p><!-- [et_pb_line_break_holder] --><\/p>\n<div class=\"ch-widget-text\">Un punto di forza del nostro maso \u00e8 l&#8217; area benessere!<\/div>\n<p><!-- [et_pb_line_break_holder] --><\/p>\n<div class=\"ch-widget-button\"><!-- [et_pb_line_break_holder] --><a class=\"et_pb_button et_pb_button_0 et_hover_enabled et_pb_bg_layout_light\" href=\"https:\/\/canalhof.com\/it\/il-maso\/#sauna\">Scopri di pi\u00f9 &#8230;<\/a>  <!-- [et_pb_line_break_holder] --><\/div>\n<p><!-- [et_pb_line_break_holder] --><\/div>\n<p><!-- [et_pb_line_break_holder] -->[\/et_pb_code][\/et_pb_column][et_pb_column type=&#8221;1_2&#8243; _builder_version=&#8221;4.16&#8243; background_enable_image=&#8221;off&#8221; custom_padding=&#8221;|||&#8221; global_colors_info=&#8221;{}&#8221; custom_padding__hover=&#8221;|||&#8221;][et_pb_image src=&#8221;https:\/\/canalhof.com\/wp-content\/uploads\/2021\/10\/sauna-g4bb63d870_1920.jpg&#8221; title_text=&#8221;sauna-g4bb63d870_1920&#8243; show_bottom_space=&#8221;off&#8221; _builder_version=&#8221;4.16&#8243; _module_preset=&#8221;default&#8221; custom_padding=&#8221;||||false|false&#8221; global_colors_info=&#8221;{}&#8221;][\/et_pb_image][\/et_pb_column][\/et_pb_row][\/et_pb_section][et_pb_section fb_built=&#8221;1&#8243; admin_label=&#8221;Winter&#8221; _builder_version=&#8221;4.16&#8243; background_color=&#8221;rgba(111,100,75,0.1)&#8221; background_enable_image=&#8221;off&#8221; background_size=&#8221;initial&#8221; background_position=&#8221;top_right&#8221; background_repeat=&#8221;repeat&#8221; custom_margin=&#8221;||||false|false&#8221; custom_padding=&#8221;25px||25px||false|false&#8221; top_divider_color=&#8221;#d2d0ba&#8221; locked=&#8221;off&#8221; global_colors_info=&#8221;{}&#8221;][et_pb_row admin_label=&#8221;Titolo Inverno&#8221; module_id=&#8221;winter&#8221; _builder_version=&#8221;4.16&#8243; _module_preset=&#8221;default&#8221; custom_margin=&#8221;||||false|false&#8221; custom_padding=&#8221;||||false|false&#8221; global_colors_info=&#8221;{}&#8221;][et_pb_column type=&#8221;4_4&#8243; _builder_version=&#8221;4.16&#8243; _module_preset=&#8221;default&#8221; global_colors_info=&#8221;{}&#8221;][et_pb_text module_class=&#8221;ch-title ch-first-section&#8221; _builder_version=&#8221;4.16&#8243; _module_preset=&#8221;97f715d7-a116-470d-b928-4645b11b8148&#8243; text_text_color=&#8221;#998b6b&#8221; text_font_size=&#8221;35px&#8221; custom_margin=&#8221;||10px||false|false&#8221; locked=&#8221;off&#8221; inline_fonts=&#8221;Raleway&#8221; global_colors_info=&#8221;{}&#8221;]<\/p>\n<p>I vostri ospitanti<\/p>\n<p>[\/et_pb_text][et_pb_text module_class=&#8221;ch-subtitle&#8221; _builder_version=&#8221;4.16&#8243; _module_preset=&#8221;default&#8221; text_font=&#8221;Raleway|600|||||||&#8221; text_text_color=&#8221;#665b52&#8243; text_font_size=&#8221;20px&#8221; global_colors_info=&#8221;{}&#8221;]<\/p>\n<p style=\"text-align: center;\">sul Maso Canal<\/p>\n<p>[\/et_pb_text][et_pb_divider color=&#8221;#cca652&#8243; divider_weight=&#8221;4px&#8221; module_class=&#8221;ch-divider&#8221; _builder_version=&#8221;4.16&#8243; _module_preset=&#8221;default&#8221; width=&#8221;15%&#8221; module_alignment=&#8221;center&#8221; global_colors_info=&#8221;{}&#8221;][\/et_pb_divider][\/et_pb_column][\/et_pb_row][et_pb_row column_structure=&#8221;1_2,1_2&#8243; admin_label=&#8221;Inverno&#8221; _builder_version=&#8221;4.16&#8243; _module_preset=&#8221;default&#8221; max_width=&#8221;1500px&#8221; custom_margin=&#8221;0px||0px||false|false&#8221; custom_padding=&#8221;0px||0px||false|false&#8221; locked=&#8221;off&#8221; global_colors_info=&#8221;{}&#8221;][et_pb_column type=&#8221;1_2&#8243; _builder_version=&#8221;4.16&#8243; _module_preset=&#8221;default&#8221; global_colors_info=&#8221;{}&#8221;][et_pb_text _builder_version=&#8221;4.16&#8243; text_font=&#8221;Raleway||||||||&#8221; text_text_color=&#8221;#939393&#8243; text_font_size=&#8221;16px&#8221; text_line_height=&#8221;1.8em&#8221; header_font=&#8221;||||&#8221; background_size=&#8221;initial&#8221; background_position=&#8221;top_left&#8221; background_repeat=&#8221;repeat&#8221; text_orientation=&#8221;center&#8221; min_height=&#8221;259.7px&#8221; custom_margin=&#8221;||||false|false&#8221; custom_padding=&#8221;||||false|false&#8221; animation_style=&#8221;slide&#8221; animation_direction=&#8221;top&#8221; animation_intensity_slide=&#8221;4%&#8221; locked=&#8221;off&#8221; global_colors_info=&#8221;{}&#8221;]Il maso Canal \u00e8 gestito con grande piacere dal contadino Andreas, sua moglie Agnes, i loro figli Alexia, Maximilian e Annalena, e nonno Davide. La moglie Agnes si prende cura del vostro benessere durante il vostro soggiorno al maso in Val Badia. Si occupa della casa, pulisce gli appartamenti per le vacanze, si occupa del giardino e aiuta Andreas nei lavori nella stalla e nei campi. Nonno Davide aiuta ovunque ci sia bisogno! Non vediamo l&#8217;ora di darvi il benvenuto nel cuore delle Dolomiti! A presto nel cuore delle Dolomiti![\/et_pb_text][\/et_pb_column][et_pb_column type=&#8221;1_2&#8243; _builder_version=&#8221;4.16&#8243; _module_preset=&#8221;default&#8221; global_colors_info=&#8221;{}&#8221;][et_pb_image src=&#8221;https:\/\/canalhof.com\/wp-content\/uploads\/2022\/01\/familie_chizzali.jpeg&#8221; title_text=&#8221;famiglia_chizzali&#8221; _builder_version=&#8221;4.16&#8243; _module_preset=&#8221;default&#8221; global_colors_info=&#8221;{}&#8221;][\/et_pb_image][\/et_pb_column][\/et_pb_row][\/et_pb_section][et_pb_section fb_built=&#8221;1&#8243; _builder_version=&#8221;4.19.2&#8243; _module_preset=&#8221;default&#8221; global_colors_info=&#8221;{}&#8221;][et_pb_row _builder_version=&#8221;4.19.2&#8243; _module_preset=&#8221;default&#8221; background_color=&#8221;#ffffff&#8221; max_width=&#8221;1500px&#8221; custom_margin=&#8221;0px||0px||false|false&#8221; custom_padding=&#8221;0px||0px||false|false&#8221; global_colors_info=&#8221;{}&#8221;][et_pb_column type=&#8221;4_4&#8243; _builder_version=&#8221;4.16&#8243; _module_preset=&#8221;default&#8221; global_colors_info=&#8221;{}&#8221;][et_pb_text module_class=&#8221;ch-title ch-first-section&#8221; _builder_version=&#8221;4.19.2&#8243; _module_preset=&#8221;97f715d7-a116-470d-b928-4645b11b8148&#8243; text_text_color=&#8221;#998b6b&#8221; text_font_size=&#8221;35px&#8221; inline_fonts=&#8221;Raleway&#8221; global_colors_info=&#8221;{}&#8221;]<\/p>\n<p>I nostri appartamenti<\/p>\n<p>[\/et_pb_text][et_pb_divider color=&#8221;#cca652&#8243; divider_weight=&#8221;4px&#8221; module_class=&#8221;ch-divider&#8221; _builder_version=&#8221;4.16&#8243; _module_preset=&#8221;default&#8221; width=&#8221;15%&#8221; module_alignment=&#8221;center&#8221; global_colors_info=&#8221;{}&#8221;][\/et_pb_divider][et_pb_code _builder_version=&#8221;4.19.2&#8243; _module_preset=&#8221;default&#8221; global_colors_info=&#8221;{}&#8221;]<script src=\"https:\/\/s.mts-online.com\/u1067\/api.js\"><\/script><!-- [et_pb_line_break_holder] --><\/p>\n<div data-smts-user=\"u1067\"<!-- [et_pb_line_break_holder] -->data-smts-language=&#8221;it&#8221;<!-- [et_pb_line_break_holder] -->data-smts-view=&#8221;roomslider&#8221;<!-- [et_pb_line_break_holder] -->data-smts-responsive-fontsize=&#8221;320\/14-1000\/16&#8243;<!-- [et_pb_line_break_holder] -->data-smts-responsive-step=&#8221;640,992,1200,1400&#8243;<!-- [et_pb_line_break_holder] -->data-smts-slider=&#8221;group=1 margin=10 scroll=0&#8243;<!-- [et_pb_line_break_holder] -->data-smts-slider-640=&#8221;group=2 margin=15 scroll=1&#8243;<!-- [et_pb_line_break_holder] -->data-smts-slider-1199=&#8221;group=3 margin=0 scroll=1&#8243;<!-- [et_pb_line_break_holder] -->><\/div>\n<p>[\/et_pb_code][\/et_pb_column][\/et_pb_row][\/et_pb_section][et_pb_section fb_built=&#8221;1&#8243; _builder_version=&#8221;4.19.2&#8243; _module_preset=&#8221;default&#8221; background_color=&#8221;rgba(111,100,75,0.1)&#8221; global_colors_info=&#8221;{}&#8221;][et_pb_row _builder_version=&#8221;4.19.2&#8243; _module_preset=&#8221;default&#8221; max_width=&#8221;1500px&#8221; custom_margin=&#8221;0px||0px||false|false&#8221; custom_padding=&#8221;0px||0px||false|false&#8221; global_colors_info=&#8221;{}&#8221;][et_pb_column type=&#8221;4_4&#8243; _builder_version=&#8221;4.16&#8243; _module_preset=&#8221;default&#8221; global_colors_info=&#8221;{}&#8221;][et_pb_text module_class=&#8221;ch-title ch-first-section&#8221; _builder_version=&#8221;4.19.2&#8243; _module_preset=&#8221;97f715d7-a116-470d-b928-4645b11b8148&#8243; text_text_color=&#8221;#998b6b&#8221; text_font_size=&#8221;35px&#8221; inline_fonts=&#8221;Raleway&#8221; global_colors_info=&#8221;{}&#8221;]<\/p>\n<p>Le nostre offerte<\/p>\n<p>[\/et_pb_text][et_pb_divider color=&#8221;#cca652&#8243; divider_weight=&#8221;4px&#8221; module_class=&#8221;ch-divider&#8221; _builder_version=&#8221;4.19.2&#8243; _module_preset=&#8221;default&#8221; width=&#8221;15%&#8221; module_alignment=&#8221;center&#8221; global_colors_info=&#8221;{}&#8221;][\/et_pb_divider][et_pb_code _builder_version=&#8221;4.19.2&#8243; _module_preset=&#8221;default&#8221; global_colors_info=&#8221;{}&#8221;]<\/p>\n<div data-smts-user=\"u1067\"<!-- [et_pb_line_break_holder] -->data-smts-language=&#8221;de&#8221;<!-- [et_pb_line_break_holder] -->data-smts-view=&#8221;offerslider&#8221;<!-- [et_pb_line_break_holder] -->data-smts-responsive-fontsize=&#8221;320\/14-1000\/16&#8243;<!-- [et_pb_line_break_holder] -->data-smts-responsive-step=&#8221;640,992,1200,1400&#8243;<!-- [et_pb_line_break_holder] -->data-smts-slider=&#8221;group=1 margin=10 scroll=0&#8243;<!-- [et_pb_line_break_holder] -->data-smts-slider-700=&#8221;group=2 margin=15 scroll=1&#8243;<!-- [et_pb_line_break_holder] -->data-smts-slider-1400=&#8221;group=3 margin=0 scroll=1&#8243;<!-- [et_pb_line_break_holder] -->><\/div>\n<p>[\/et_pb_code][\/et_pb_column][\/et_pb_row][\/et_pb_section]<\/p>\n","protected":false},"excerpt":{"rendered":"<p><div id=\"metaslider-id-1422\" style=\"width: 100%; margin: 0 auto;\" class=\"ml-slider-3-27-13 metaslider metaslider-flex metaslider-1422 ml-slider ms-theme-cubic has-dots-nav\">\n    <div id=\"metaslider_container_1422\">\n        <div id=\"metaslider_1422\" class=\"flexslider\">\n            <ul aria-live=\"polite\" class=\"slides\">\n                <li style=\"display: block; width: 100%;\" class=\"slide-3143 ms-image\"><img loading=\"lazy\" decoding=\"async\" src=\"https:\/\/canalhof.com\/wp-content\/uploads\/2022\/03\/20220305093058-2-scaled-700x500.jpg\" height=\"500\" width=\"700\" alt=\"\" class=\"slider-1422 slide-3143\" title=\"20220305093058\" \/><\/li>\n                <li style=\"display: none; width: 100%;\" class=\"slide-1424 ms-image\"><img loading=\"lazy\" decoding=\"async\" src=\"https:\/\/canalhof.com\/wp-content\/uploads\/2021\/10\/hompage-Foto-scaled-700x500.jpg\" height=\"500\" width=\"700\" alt=\"hompage Foto\" class=\"slider-1422 slide-1424\" title=\"hompage Foto\" \/><\/li>\n                <li style=\"display: none; width: 100%;\" class=\"slide-1425 ms-image\"><img loading=\"lazy\" decoding=\"async\" src=\"https:\/\/canalhof.com\/wp-content\/uploads\/2021\/10\/hompage-foto6-scaled-700x500.jpg\" height=\"500\" width=\"700\" alt=\"hompage foto6\" class=\"slider-1422 slide-1425\" title=\"hompage foto6\" \/><\/li>\n                <li style=\"display: none; width: 100%;\" class=\"slide-1426 ms-image\"><img loading=\"lazy\" decoding=\"async\" src=\"https:\/\/canalhof.com\/wp-content\/uploads\/2021\/01\/canalhof_aussicht_dolomiten-700x500.jpeg\" height=\"500\" width=\"700\" alt=\"\" class=\"slider-1422 slide-1426\" title=\"canalhof_aussicht_dolomiten\" \/><\/li>\n            <\/ul>\n        <\/div>\n        \n    <\/div>\n<\/div>Benvenuti al CanalhofDove le montagne sono vicine a teIl nostro maso si trova nella frazione di Colac nella Val Badia, una valle laterale alla Val Pusteria, circondata da prati e boschi e una vista fantastica verso il Plan de Coronese sul paesaggio montano delle Dolomiti! Da noi la natura \u00e8 a portata di mano, [&hellip;]<\/p>\n","protected":false},"author":1,"featured_media":0,"parent":0,"menu_order":0,"comment_status":"closed","ping_status":"closed","template":"","meta":{"_et_pb_use_builder":"on","_et_pb_old_content":"","_et_gb_content_width":"","inline_featured_image":false,"footnotes":""},"class_list":["post-2249","page","type-page","status-publish","hentry"],"_links":{"self":[{"href":"https:\/\/canalhof.com\/it\/wp-json\/wp\/v2\/pages\/2249","targetHints":{"allow":["GET"]}}],"collection":[{"href":"https:\/\/canalhof.com\/it\/wp-json\/wp\/v2\/pages"}],"about":[{"href":"https:\/\/canalhof.com\/it\/wp-json\/wp\/v2\/types\/page"}],"author":[{"embeddable":true,"href":"https:\/\/canalhof.com\/it\/wp-json\/wp\/v2\/users\/1"}],"replies":[{"embeddable":true,"href":"https:\/\/canalhof.com\/it\/wp-json\/wp\/v2\/comments?post=2249"}],"version-history":[{"count":52,"href":"https:\/\/canalhof.com\/it\/wp-json\/wp\/v2\/pages\/2249\/revisions"}],"predecessor-version":[{"id":3984,"href":"https:\/\/canalhof.com\/it\/wp-json\/wp\/v2\/pages\/2249\/revisions\/3984"}],"wp:attachment":[{"href":"https:\/\/canalhof.com\/it\/wp-json\/wp\/v2\/media?parent=2249"}],"curies":[{"name":"wp","href":"https:\/\/api.w.org\/{rel}","templated":true}]}}